{"id":2252,"date":"2026-03-13T09:16:09","date_gmt":"2026-03-13T08:16:09","guid":{"rendered":"https:\/\/randocoolbidartbiarritz.fr\/?page_id=2252"},"modified":"2026-03-22T18:15:33","modified_gmt":"2026-03-22T17:15:33","slug":"nos-animateurs","status":"publish","type":"page","link":"https:\/\/randocoolbidartbiarritz.fr\/?page_id=2252","title":{"rendered":"Nos B\u00e9n\u00e9voles Randonn\u00e9e et Longe c\u00f4te"},"content":{"rendered":"","protected":true},"excerpt":{"rendered":"","protected":true},"author":1,"featured_media":0,"parent":0,"menu_order":0,"comment_status":"closed","ping_status":"closed","template":"","meta":{"footnotes":""},"class_list":["post-2252","page","type-page","status-publish","post-password-required","hentry"],"_links":{"self":[{"href":"https:\/\/randocoolbidartbiarritz.fr\/index.php?rest_route=\/wp\/v2\/pages\/2252","targetHints":{"allow":["GET"]}}],"collection":[{"href":"https:\/\/randocoolbidartbiarritz.fr\/index.php?rest_route=\/wp\/v2\/pages"}],"about":[{"href":"https:\/\/randocoolbidartbiarritz.fr\/index.php?rest_route=\/wp\/v2\/types\/page"}],"author":[{"embeddable":true,"href":"https:\/\/randocoolbidartbiarritz.fr\/index.php?rest_route=\/wp\/v2\/users\/1"}],"replies":[{"embeddable":true,"href":"https:\/\/randocoolbidartbiarritz.fr\/index.php?rest_route=%2Fwp%2Fv2%2Fcomments&post=2252"}],"version-history":[{"count":28,"href":"https:\/\/randocoolbidartbiarritz.fr\/index.php?rest_route=\/wp\/v2\/pages\/2252\/revisions"}],"predecessor-version":[{"id":2294,"href":"https:\/\/randocoolbidartbiarritz.fr\/index.php?rest_route=\/wp\/v2\/pages\/2252\/revisions\/2294"}],"wp:attachment":[{"href":"https:\/\/randocoolbidartbiarritz.fr\/index.php?rest_route=%2Fwp%2Fv2%2Fmedia&parent=2252"}],"curies":[{"name":"wp","href":"https:\/\/api.w.org\/{rel}","templated":true}]}}