{"id":1774,"date":"2025-10-05T16:05:49","date_gmt":"2025-10-05T14:05:49","guid":{"rendered":"https:\/\/randocoolbidartbiarritz.fr\/?page_id=1774"},"modified":"2025-10-05T16:06:25","modified_gmt":"2025-10-05T14:06:25","slug":"infos-partenaires","status":"publish","type":"page","link":"https:\/\/randocoolbidartbiarritz.fr\/?page_id=1774","title":{"rendered":"Infos Partenaires"},"content":{"rendered":"\t\t<div data-elementor-type=\"wp-page\" data-elementor-id=\"1774\" class=\"elementor elementor-1774\">\n\t\t\t\t<div class=\"elementor-element elementor-element-19366a3 e-grid e-con-boxed e-con e-parent\" data-id=\"19366a3\" data-element_type=\"container\" data-e-type=\"container\">\n\t\t\t\t\t<div class=\"e-con-inner\">\n\t\t\t\t<div class=\"elementor-element elementor-element-4e24d62 elementor-widget elementor-widget-text-editor\" data-id=\"4e24d62\" data-element_type=\"widget\" data-e-type=\"widget\" data-widget_type=\"text-editor.default\">\n\t\t\t\t\t\t\t\t\t<p>F\u00e9d\u00e9ration Fran\u00e7aise de<br \/> Randonn\u00e9e P\u00e9destre<\/p>\t\t\t\t\t\t\t\t<\/div>\n\t\t\t\t<div class=\"elementor-element elementor-element-4b478ce elementor-invisible elementor-widget elementor-widget-image\" data-id=\"4b478ce\" data-element_type=\"widget\" data-e-type=\"widget\" data-settings=\"{&quot;_animation&quot;:&quot;fadeInDown&quot;}\" data-widget_type=\"image.default\">\n\t\t\t\t\t\t\t\t\t\t\t\t\t\t\t\t<a href=\"https:\/\/www.ffrandonnee.fr\/la-federation\/partenaires\" target=\"_blank\">\n\t\t\t\t\t\t\t<img fetchpriority=\"high\" decoding=\"async\" width=\"410\" height=\"123\" src=\"https:\/\/randocoolbidartbiarritz.fr\/wp-content\/uploads\/2018\/08\/Unknown.png\" class=\"attachment-large size-large wp-image-1033\" alt=\"\" srcset=\"https:\/\/randocoolbidartbiarritz.fr\/wp-content\/uploads\/2018\/08\/Unknown.png 410w, https:\/\/randocoolbidartbiarritz.fr\/wp-content\/uploads\/2018\/08\/Unknown-300x90.png 300w\" sizes=\"(max-width: 410px) 100vw, 410px\" \/>\t\t\t\t\t\t\t\t<\/a>\n\t\t\t\t\t\t\t\t\t\t\t\t\t\t\t<\/div>\n\t\t\t\t\t<\/div>\n\t\t\t\t<\/div>\n\t\t<div class=\"elementor-element elementor-element-228dc26 e-grid e-con-boxed e-con e-parent\" data-id=\"228dc26\" data-element_type=\"container\" data-e-type=\"container\">\n\t\t\t\t\t<div class=\"e-con-inner\">\n\t\t\t\t<div class=\"elementor-element elementor-element-56b73fc elementor-widget elementor-widget-text-editor\" data-id=\"56b73fc\" data-element_type=\"widget\" data-e-type=\"widget\" data-widget_type=\"text-editor.default\">\n\t\t\t\t\t\t\t\t\t<p>COREBA \u00e0 Hasparren<\/p>\t\t\t\t\t\t\t\t<\/div>\n\t\t\t\t<div class=\"elementor-element elementor-element-f3ae2ff elementor-widget elementor-widget-image\" data-id=\"f3ae2ff\" data-element_type=\"widget\" data-e-type=\"widget\" data-widget_type=\"image.default\">\n\t\t\t\t\t\t\t\t\t\t\t\t\t\t\t<img decoding=\"async\" width=\"660\" height=\"249\" src=\"https:\/\/randocoolbidartbiarritz.fr\/wp-content\/uploads\/2018\/08\/Scop-COREBA_Logo-seul-sans-fond-blanc-1024x387.png\" class=\"attachment-large size-large wp-image-1230\" alt=\"\" srcset=\"https:\/\/randocoolbidartbiarritz.fr\/wp-content\/uploads\/2018\/08\/Scop-COREBA_Logo-seul-sans-fond-blanc-1024x387.png 1024w, https:\/\/randocoolbidartbiarritz.fr\/wp-content\/uploads\/2018\/08\/Scop-COREBA_Logo-seul-sans-fond-blanc-300x113.png 300w, https:\/\/randocoolbidartbiarritz.fr\/wp-content\/uploads\/2018\/08\/Scop-COREBA_Logo-seul-sans-fond-blanc-768x290.png 768w, https:\/\/randocoolbidartbiarritz.fr\/wp-content\/uploads\/2018\/08\/Scop-COREBA_Logo-seul-sans-fond-blanc.png 1415w\" sizes=\"(max-width: 660px) 100vw, 660px\" \/>\t\t\t\t\t\t\t\t\t\t\t\t\t\t\t<\/div>\n\t\t\t\t\t<\/div>\n\t\t\t\t<\/div>\n\t\t\t\t<\/div>\n\t\t","protected":false},"excerpt":{"rendered":"<p>F\u00e9d\u00e9ration Fran\u00e7aise de Randonn\u00e9e P\u00e9destre COREBA \u00e0 Hasparren<\/p>\n","protected":false},"author":1,"featured_media":0,"parent":0,"menu_order":0,"comment_status":"closed","ping_status":"closed","template":"","meta":{"footnotes":""},"class_list":["post-1774","page","type-page","status-publish","hentry"],"_links":{"self":[{"href":"https:\/\/randocoolbidartbiarritz.fr\/index.php?rest_route=\/wp\/v2\/pages\/1774","targetHints":{"allow":["GET"]}}],"collection":[{"href":"https:\/\/randocoolbidartbiarritz.fr\/index.php?rest_route=\/wp\/v2\/pages"}],"about":[{"href":"https:\/\/randocoolbidartbiarritz.fr\/index.php?rest_route=\/wp\/v2\/types\/page"}],"author":[{"embeddable":true,"href":"https:\/\/randocoolbidartbiarritz.fr\/index.php?rest_route=\/wp\/v2\/users\/1"}],"replies":[{"embeddable":true,"href":"https:\/\/randocoolbidartbiarritz.fr\/index.php?rest_route=%2Fwp%2Fv2%2Fcomments&post=1774"}],"version-history":[{"count":34,"href":"https:\/\/randocoolbidartbiarritz.fr\/index.php?rest_route=\/wp\/v2\/pages\/1774\/revisions"}],"predecessor-version":[{"id":1808,"href":"https:\/\/randocoolbidartbiarritz.fr\/index.php?rest_route=\/wp\/v2\/pages\/1774\/revisions\/1808"}],"wp:attachment":[{"href":"https:\/\/randocoolbidartbiarritz.fr\/index.php?rest_route=%2Fwp%2Fv2%2Fmedia&parent=1774"}],"curies":[{"name":"wp","href":"https:\/\/api.w.org\/{rel}","templated":true}]}}