{"id":1581,"date":"2025-09-10T10:13:03","date_gmt":"2025-09-10T08:13:03","guid":{"rendered":"https:\/\/randocoolbidartbiarritz.fr\/?page_id=1581"},"modified":"2025-09-29T16:10:04","modified_gmt":"2025-09-29T14:10:04","slug":"adhesion","status":"publish","type":"page","link":"https:\/\/randocoolbidartbiarritz.fr\/?page_id=1581","title":{"rendered":"Adh\u00e9sion"},"content":{"rendered":"\t\t<div data-elementor-type=\"wp-page\" data-elementor-id=\"1581\" class=\"elementor elementor-1581\">\n\t\t\t\t<div class=\"elementor-element elementor-element-2d1a90b e-flex e-con-boxed e-con e-parent\" data-id=\"2d1a90b\" data-element_type=\"container\" data-e-type=\"container\">\n\t\t\t\t\t<div class=\"e-con-inner\">\n\t\t\t\t<div class=\"elementor-element elementor-element-36a5914 elementor-widget elementor-widget-text-editor\" data-id=\"36a5914\" data-element_type=\"widget\" data-e-type=\"widget\" data-widget_type=\"text-editor.default\">\n\t\t\t\t\t\t\t\t\t<p><strong>Tarif d\u2019adh\u00e9sion club<\/strong>\u00a0<em><strong>2025\/26<\/strong>\u00a0:\u00a0<strong>40\u20ac\/personne\/an<\/strong><\/em><\/p><p><strong>Tarif couple et famille 2025\/26<\/strong>\u00a0:<strong>\u00a074\u20ac\/couple\/an<\/strong><\/p><p><strong>Tarif licence FFRP 2025\/26<\/strong>\u00a0 : 32\u20ac (IRA, individuel) et 63\u20ac (FRA, couple\/famille)<\/p><p>La licence FFRP inclut une assurance \u00e9tendue \u00e0 vos autres activit\u00e9s, y compris en dehors du club (sauf sports extr\u00eames). Si vous \u00eates d\u00e9j\u00e0 licenci\u00e9 FFRP via un autre club, nous communiquer votre n\u00b0 de licence<\/p>\t\t\t\t\t\t\t\t<\/div>\n\t\t\t\t<div class=\"elementor-element elementor-element-3b48c96 elementor-widget elementor-widget-text-editor\" data-id=\"3b48c96\" data-element_type=\"widget\" data-e-type=\"widget\" data-widget_type=\"text-editor.default\">\n\t\t\t\t\t\t\t\t\t<p><strong>Pour adh\u00e9rer contacter nous :<\/strong><br \/><a href=\"https:\/\/randocoolbidartbiarritz.fr\/?page_id=1711\"><strong>randocool64@gmail.com<\/strong><\/a><\/p>\t\t\t\t\t\t\t\t<\/div>\n\t\t\t\t\t<\/div>\n\t\t\t\t<\/div>\n\t\t<div class=\"elementor-element elementor-element-96f183b e-flex e-con-boxed e-con e-parent\" data-id=\"96f183b\" data-element_type=\"container\" data-e-type=\"container\">\n\t\t\t\t\t<div class=\"e-con-inner\">\n\t\t\t\t<div class=\"elementor-element elementor-element-d6ba776 elementor-widget elementor-widget-text-editor\" data-id=\"d6ba776\" data-element_type=\"widget\" data-e-type=\"widget\" data-widget_type=\"text-editor.default\">\n\t\t\t\t\t\t\t\t\t<p>R\u00e9glement int\u00e9rieur<br \/><a href=\"https:\/\/randocoolbidartbiarritz.fr\/wp-content\/uploads\/2025\/09\/Reglement2-interieur-randonnee-pedestre.pdf\" target=\"_blank\" rel=\"noopener\">Randonn\u00e9e\u00a0<\/a> \u00a0 \u00a0 \u00a0 <a href=\"https:\/\/randocoolbidartbiarritz.fr\/wp-content\/uploads\/2025\/09\/Reglement2-interieur-longe-cote.pdf\" target=\"_blank\" rel=\"noopener\">Longe c\u00f4te<\/a><\/p><p><a href=\"https:\/\/www.ffrandonnee.fr\/randonner\/la-charte-du-randonneur\/les-bons-gestes\" target=\"_blank\" rel=\"noopener\">Charte du randonneur<\/a><\/p>\t\t\t\t\t\t\t\t<\/div>\n\t\t\t\t\t<\/div>\n\t\t\t\t<\/div>\n\t\t\t\t<\/div>\n\t\t","protected":false},"excerpt":{"rendered":"<p>Tarif d\u2019adh\u00e9sion club\u00a02025\/26\u00a0:\u00a040\u20ac\/personne\/an Tarif couple et famille 2025\/26\u00a0:\u00a074\u20ac\/couple\/an Tarif licence FFRP 2025\/26\u00a0 : 32\u20ac (IRA, individuel) et 63\u20ac (FRA, couple\/famille) La licence FFRP inclut une assurance \u00e9tendue \u00e0 vos autres activit\u00e9s, y compris en dehors du club (sauf sports extr\u00eames). Si vous \u00eates d\u00e9j\u00e0 licenci\u00e9 FFRP via un autre club, nous communiquer votre n\u00b0 de &hellip; <a href=\"https:\/\/randocoolbidartbiarritz.fr\/?page_id=1581\" class=\"more-link\">Continuer la lecture de <span class=\"screen-reader-text\">Adh\u00e9sion<\/span><\/a><\/p>\n","protected":false},"author":1,"featured_media":0,"parent":0,"menu_order":0,"comment_status":"closed","ping_status":"closed","template":"","meta":{"footnotes":""},"class_list":["post-1581","page","type-page","status-publish","hentry"],"_links":{"self":[{"href":"https:\/\/randocoolbidartbiarritz.fr\/index.php?rest_route=\/wp\/v2\/pages\/1581","targetHints":{"allow":["GET"]}}],"collection":[{"href":"https:\/\/randocoolbidartbiarritz.fr\/index.php?rest_route=\/wp\/v2\/pages"}],"about":[{"href":"https:\/\/randocoolbidartbiarritz.fr\/index.php?rest_route=\/wp\/v2\/types\/page"}],"author":[{"embeddable":true,"href":"https:\/\/randocoolbidartbiarritz.fr\/index.php?rest_route=\/wp\/v2\/users\/1"}],"replies":[{"embeddable":true,"href":"https:\/\/randocoolbidartbiarritz.fr\/index.php?rest_route=%2Fwp%2Fv2%2Fcomments&post=1581"}],"version-history":[{"count":38,"href":"https:\/\/randocoolbidartbiarritz.fr\/index.php?rest_route=\/wp\/v2\/pages\/1581\/revisions"}],"predecessor-version":[{"id":1720,"href":"https:\/\/randocoolbidartbiarritz.fr\/index.php?rest_route=\/wp\/v2\/pages\/1581\/revisions\/1720"}],"wp:attachment":[{"href":"https:\/\/randocoolbidartbiarritz.fr\/index.php?rest_route=%2Fwp%2Fv2%2Fmedia&parent=1581"}],"curies":[{"name":"wp","href":"https:\/\/api.w.org\/{rel}","templated":true}]}}