{"id":1365,"date":"2025-09-02T18:32:53","date_gmt":"2025-09-02T16:32:53","guid":{"rendered":"https:\/\/randocoolbidartbiarritz.fr\/?page_id=1365"},"modified":"2026-03-13T18:54:43","modified_gmt":"2026-03-13T17:54:43","slug":"elementor-1365","status":"publish","type":"page","link":"https:\/\/randocoolbidartbiarritz.fr\/","title":{"rendered":"Bienvenue"},"content":{"rendered":"\t\t<div data-elementor-type=\"wp-page\" data-elementor-id=\"1365\" class=\"elementor elementor-1365\">\n\t\t\t\t<div class=\"elementor-element elementor-element-0f1f981 e-flex e-con-boxed e-con e-parent\" data-id=\"0f1f981\" data-element_type=\"container\" data-e-type=\"container\">\n\t\t\t\t\t<div class=\"e-con-inner\">\n\t\t\t\t<div class=\"elementor-element elementor-element-323ad22 elementor-widget elementor-widget-image\" data-id=\"323ad22\" data-element_type=\"widget\" data-e-type=\"widget\" data-widget_type=\"image.default\">\n\t\t\t\t\t\t\t\t\t\t\t\t\t\t\t<img fetchpriority=\"high\" decoding=\"async\" width=\"660\" height=\"154\" src=\"https:\/\/randocoolbidartbiarritz.fr\/wp-content\/uploads\/2019\/03\/cropped-IMG_2574-1024x239.jpg\" class=\"attachment-large size-large wp-image-339\" alt=\"\" srcset=\"https:\/\/randocoolbidartbiarritz.fr\/wp-content\/uploads\/2019\/03\/cropped-IMG_2574-1024x239.jpg 1024w, https:\/\/randocoolbidartbiarritz.fr\/wp-content\/uploads\/2019\/03\/cropped-IMG_2574-300x70.jpg 300w, https:\/\/randocoolbidartbiarritz.fr\/wp-content\/uploads\/2019\/03\/cropped-IMG_2574-768x179.jpg 768w, https:\/\/randocoolbidartbiarritz.fr\/wp-content\/uploads\/2019\/03\/cropped-IMG_2574.jpg 1200w\" sizes=\"(max-width: 660px) 100vw, 660px\" \/>\t\t\t\t\t\t\t\t\t\t\t\t\t\t\t<\/div>\n\t\t\t\t\t<\/div>\n\t\t\t\t<\/div>\n\t\t<div class=\"elementor-element elementor-element-126753a e-flex e-con-boxed e-con e-parent\" data-id=\"126753a\" data-element_type=\"container\" data-e-type=\"container\">\n\t\t\t\t\t<div class=\"e-con-inner\">\n\t\t\t\t<div class=\"elementor-element elementor-element-0f481fa elementor-widget elementor-widget-text-editor\" data-id=\"0f481fa\" data-element_type=\"widget\" data-e-type=\"widget\" data-widget_type=\"text-editor.default\">\n\t\t\t\t\t\t\t\t\t<h5>\u00a0<strong>Bienvenue sur le site de notre association<\/strong><\/h5><h5><strong> RANDO COOL \u00a064<\/strong><\/h5><p>Situ\u00e9e \u00e0 Bidart, au c\u0153ur du Pays Basque, notre association loi 1901, affili\u00e9e \u00e0 la F\u00e9d\u00e9ration Fran\u00e7aise de Randonn\u00e9e P\u00e9destre (FFRP), a vu le jour en \u00a02018. Notre objectif est de promouvoir la pratique de la randonn\u00e9e et du longe-c\u00f4te ou marche aquatique, permettant \u00e0 chacun de maintenir une forme physique tout en profitant d\u2019activit\u00e9s saines et conviviales.<\/p><p>Anim\u00e9e par une \u00e9quipe de b\u00e9n\u00e9voles passionn\u00e9s et engag\u00e9s, RANDO COOL 64 propose des activit\u00e9s r\u00e9guli\u00e8res demandant un minimum de condition physique.<\/p><p><strong>Randonn\u00e9es<\/strong> : Chaque mercredi ou jeudi pour des sorties en matin\u00e9e et chaque dimanche pour des randonn\u00e9es \u00e0 la journ\u00e9e.<\/p><p><strong>Longe-c\u00f4te ou marche aquatique<\/strong> : Chaque jeudi matin et samedi matin sur la plage de Socoa.<\/p><p>Toutes nos activit\u00e9s sont encadr\u00e9es par des animateurs b\u00e9n\u00e9voles form\u00e9s, certifi\u00e9s et exp\u00e9riment\u00e9s. Ils assurent s\u00e9curit\u00e9 et convivialit\u00e9 lors de chaque sortie. Vous trouverez chez nous une ambiance chaleureuse et des parcours adapt\u00e9s.<\/p><p>Rejoignez-nous pour d\u00e9couvrir le Pays Basque et partager des moments de convivialit\u00e9. N\u2019h\u00e9sitez pas \u00e0 nous contacter pour plus d\u2019informations.<\/p><p>Au plaisir de vous rencontrer<\/p>\t\t\t\t\t\t\t\t<\/div>\n\t\t\t\t\t<\/div>\n\t\t\t\t<\/div>\n\t\t\t\t<\/div>\n\t\t","protected":false},"excerpt":{"rendered":"<p>\u00a0Bienvenue sur le site de notre association RANDO COOL \u00a064 Situ\u00e9e \u00e0 Bidart, au c\u0153ur du Pays Basque, notre association loi 1901, affili\u00e9e \u00e0 la F\u00e9d\u00e9ration Fran\u00e7aise de Randonn\u00e9e P\u00e9destre (FFRP), a vu le jour en \u00a02018. Notre objectif est de promouvoir la pratique de la randonn\u00e9e et du longe-c\u00f4te ou marche aquatique, permettant \u00e0 &hellip; <a href=\"https:\/\/randocoolbidartbiarritz.fr\/\" class=\"more-link\">Continuer la lecture de <span class=\"screen-reader-text\">Bienvenue<\/span><\/a><\/p>\n","protected":false},"author":1,"featured_media":0,"parent":0,"menu_order":0,"comment_status":"closed","ping_status":"closed","template":"","meta":{"footnotes":""},"class_list":["post-1365","page","type-page","status-publish","hentry"],"_links":{"self":[{"href":"https:\/\/randocoolbidartbiarritz.fr\/index.php?rest_route=\/wp\/v2\/pages\/1365","targetHints":{"allow":["GET"]}}],"collection":[{"href":"https:\/\/randocoolbidartbiarritz.fr\/index.php?rest_route=\/wp\/v2\/pages"}],"about":[{"href":"https:\/\/randocoolbidartbiarritz.fr\/index.php?rest_route=\/wp\/v2\/types\/page"}],"author":[{"embeddable":true,"href":"https:\/\/randocoolbidartbiarritz.fr\/index.php?rest_route=\/wp\/v2\/users\/1"}],"replies":[{"embeddable":true,"href":"https:\/\/randocoolbidartbiarritz.fr\/index.php?rest_route=%2Fwp%2Fv2%2Fcomments&post=1365"}],"version-history":[{"count":85,"href":"https:\/\/randocoolbidartbiarritz.fr\/index.php?rest_route=\/wp\/v2\/pages\/1365\/revisions"}],"predecessor-version":[{"id":2284,"href":"https:\/\/randocoolbidartbiarritz.fr\/index.php?rest_route=\/wp\/v2\/pages\/1365\/revisions\/2284"}],"wp:attachment":[{"href":"https:\/\/randocoolbidartbiarritz.fr\/index.php?rest_route=%2Fwp%2Fv2%2Fmedia&parent=1365"}],"curies":[{"name":"wp","href":"https:\/\/api.w.org\/{rel}","templated":true}]}}